{"id":3,"date":"2024-01-09T16:07:10","date_gmt":"2024-01-09T16:07:10","guid":{"rendered":"http:\/\/sportgroom.esteticaanimal.com\/?page_id=3"},"modified":"2024-12-26T21:51:16","modified_gmt":"2024-12-26T21:51:16","slug":"privacy-policy","status":"publish","type":"page","link":"https:\/\/sportgroom.esteticaanimal.com\/index.php\/privacy-policy\/","title":{"rendered":"Politicas de privacidad Point Now"},"content":{"rendered":"\t\t<div data-elementor-type=\"wp-page\" data-elementor-id=\"3\" class=\"elementor elementor-3\" data-elementor-post-type=\"page\">\n\t\t\t\t<div class=\"elementor-element elementor-element-4f553dc5 e-flex e-con-boxed e-con e-parent\" data-id=\"4f553dc5\" data-element_type=\"container\">\n\t\t\t\t\t<div class=\"e-con-inner\">\n\t\t\t\t<div class=\"elementor-element elementor-element-45b70c1 elementor-widget elementor-widget-text-editor\" data-id=\"45b70c1\" data-element_type=\"widget\" data-widget_type=\"text-editor.default\">\n\t\t\t\t<div class=\"elementor-widget-container\">\n\t\t\t\t\t\t\t\t\t<h1 style=\"text-align: center;\">\u00abPol\u00edtica de Privacidad para el Sistema de Puntuaci\u00f3n &#8216;Point Now'\u00bb<\/h1>\t\t\t\t\t\t\t\t<\/div>\n\t\t\t\t<\/div>\n\t\t\t\t\t<\/div>\n\t\t\t\t<\/div>\n\t\t<div class=\"elementor-element elementor-element-c6e34c9 e-flex e-con-boxed e-con e-parent\" data-id=\"c6e34c9\" data-element_type=\"container\">\n\t\t\t\t\t<div class=\"e-con-inner\">\n\t\t\t\t<div class=\"elementor-element elementor-element-8255f76 elementor-widget elementor-widget-heading\" data-id=\"8255f76\" data-element_type=\"widget\" data-widget_type=\"heading.default\">\n\t\t\t\t<div class=\"elementor-widget-container\">\n\t\t\t\t\t<h2 class=\"elementor-heading-title elementor-size-default\">1. Introducci\u00f3n<\/h2>\t\t\t\t<\/div>\n\t\t\t\t<\/div>\n\t\t\t\t<div class=\"elementor-element elementor-element-bcc5625 elementor-widget elementor-widget-text-editor\" data-id=\"bcc5625\" data-element_type=\"widget\" data-widget_type=\"text-editor.default\">\n\t\t\t\t<div class=\"elementor-widget-container\">\n\t\t\t\t\t\t\t\t\t<p>Fecha de entrada en vigor: 1 de enero de 2025 La presente Pol\u00edtica de Privacidad describe c\u00f3mo \u00abPoint Now\u00bb, un sistema de puntuaci\u00f3n utilizado en competencias de peluquer\u00eda canina, recopila, utiliza y protege los datos personales de los usuarios. Nos comprometemos a cumplir con la legislaci\u00f3n europea de protecci\u00f3n de datos, incluido el Reglamento General de Protecci\u00f3n de Datos (GDPR).<\/p>\t\t\t\t\t\t\t\t<\/div>\n\t\t\t\t<\/div>\n\t\t\t\t\t<\/div>\n\t\t\t\t<\/div>\n\t\t<div class=\"elementor-element elementor-element-4167de6 e-flex e-con-boxed e-con e-parent\" data-id=\"4167de6\" data-element_type=\"container\">\n\t\t\t\t\t<div class=\"e-con-inner\">\n\t\t\t\t<div class=\"elementor-element elementor-element-8ff99c7 elementor-widget elementor-widget-heading\" data-id=\"8ff99c7\" data-element_type=\"widget\" data-widget_type=\"heading.default\">\n\t\t\t\t<div class=\"elementor-widget-container\">\n\t\t\t\t\t<h2 class=\"elementor-heading-title elementor-size-default\">\"2. Responsable del Tratamiento de Datos\"<\/h2>\t\t\t\t<\/div>\n\t\t\t\t<\/div>\n\t\t\t\t<div class=\"elementor-element elementor-element-6c2fad6 elementor-widget elementor-widget-text-editor\" data-id=\"6c2fad6\" data-element_type=\"widget\" data-widget_type=\"text-editor.default\">\n\t\t\t\t<div class=\"elementor-widget-container\">\n\t\t\t\t\t\t\t\t\t<p>Anahi Laura Masso Heredia Direcci\u00f3n de contacto: Ermita 29, Castell\u00f3 de Rugat, Valencia, CP 46841 Correo electr\u00f3nico: sportgroom@esteticaanimal.com\u00a0<\/p>\t\t\t\t\t\t\t\t<\/div>\n\t\t\t\t<\/div>\n\t\t\t\t<div class=\"elementor-element elementor-element-cd5f868 elementor-widget elementor-widget-heading\" data-id=\"cd5f868\" data-element_type=\"widget\" data-widget_type=\"heading.default\">\n\t\t\t\t<div class=\"elementor-widget-container\">\n\t\t\t\t\t<h2 class=\"elementor-heading-title elementor-size-default\"> \"3. Datos que Recopilamos\"<\/h2>\t\t\t\t<\/div>\n\t\t\t\t<\/div>\n\t\t\t\t<div class=\"elementor-element elementor-element-bc32586 elementor-widget elementor-widget-text-editor\" data-id=\"bc32586\" data-element_type=\"widget\" data-widget_type=\"text-editor.default\">\n\t\t\t\t<div class=\"elementor-widget-container\">\n\t\t\t\t\t\t\t\t\t<ul>\n<li>Nombre y apellidos<\/li>\n<li>Informaci\u00f3n de contacto<\/li>\n<li>Datos de identificaci\u00f3n<\/li>\n<li>Informaci\u00f3n sobre competiciones<\/li>\n<li>Credenciales de acceso<\/li>\n<\/ul>\t\t\t\t\t\t\t\t<\/div>\n\t\t\t\t<\/div>\n\t\t\t\t<div class=\"elementor-element elementor-element-6d9ee1c elementor-widget elementor-widget-heading\" data-id=\"6d9ee1c\" data-element_type=\"widget\" data-widget_type=\"heading.default\">\n\t\t\t\t<div class=\"elementor-widget-container\">\n\t\t\t\t\t<h2 class=\"elementor-heading-title elementor-size-default\">\"4. Finalidades del Tratamiento de Datos\" <\/h2>\t\t\t\t<\/div>\n\t\t\t\t<\/div>\n\t\t\t\t<div class=\"elementor-element elementor-element-054c86e elementor-widget elementor-widget-text-editor\" data-id=\"054c86e\" data-element_type=\"widget\" data-widget_type=\"text-editor.default\">\n\t\t\t\t<div class=\"elementor-widget-container\">\n\t\t\t\t\t\t\t\t\t<p>Los datos personales recopilados se utilizar\u00e1n para las siguientes finalidades:<\/p>\n<ul>\n<li>Gestionar el sistema de puntuaci\u00f3n en competencias de peluquer\u00eda canina.<\/li>\n<li>Enviar notificaciones relacionadas con competiciones y actualizaciones del sistema.<\/li>\n<li>Compartir datos de puntuaciones y resultados con los organizadores que contraten los servicios de \u00abSport Groom\u00bb.<\/li>\n<\/ul>\t\t\t\t\t\t\t\t<\/div>\n\t\t\t\t<\/div>\n\t\t\t\t<div class=\"elementor-element elementor-element-69c1f23 elementor-widget elementor-widget-heading\" data-id=\"69c1f23\" data-element_type=\"widget\" data-widget_type=\"heading.default\">\n\t\t\t\t<div class=\"elementor-widget-container\">\n\t\t\t\t\t<h2 class=\"elementor-heading-title elementor-size-default\">5. Base Jur\u00eddica para el Tratamiento de Datos<\/h2>\t\t\t\t<\/div>\n\t\t\t\t<\/div>\n\t\t\t\t<div class=\"elementor-element elementor-element-74de197 elementor-widget elementor-widget-text-editor\" data-id=\"74de197\" data-element_type=\"widget\" data-widget_type=\"text-editor.default\">\n\t\t\t\t<div class=\"elementor-widget-container\">\n\t\t\t\t\t\t\t\t\t<p>El tratamiento de datos se basa en el consentimiento del usuario, la necesidad de realizar un contrato y el inter\u00e9s leg\u00edtimo para el funcionamiento y gesti\u00f3n del sistema \u00abPoint Now\u00bb.<\/p>\t\t\t\t\t\t\t\t<\/div>\n\t\t\t\t<\/div>\n\t\t\t\t<div class=\"elementor-element elementor-element-866df0d elementor-widget elementor-widget-heading\" data-id=\"866df0d\" data-element_type=\"widget\" data-widget_type=\"heading.default\">\n\t\t\t\t<div class=\"elementor-widget-container\">\n\t\t\t\t\t<h2 class=\"elementor-heading-title elementor-size-default\">6. Compartici\u00f3n de Datos<\/h2>\t\t\t\t<\/div>\n\t\t\t\t<\/div>\n\t\t\t\t<div class=\"elementor-element elementor-element-b41022c elementor-widget elementor-widget-text-editor\" data-id=\"b41022c\" data-element_type=\"widget\" data-widget_type=\"text-editor.default\">\n\t\t\t\t<div class=\"elementor-widget-container\">\n\t\t\t\t\t\t\t\t\t<p>Los datos personales podr\u00e1n ser compartidos con:<\/p>\n<ul>\n<li>Organizadores de eventos que utilicen los servicios de \u00abSport Groom\u00bb.<\/li>\n<li>Terceros que colaboren en la administraci\u00f3n del sistema, sujetos a acuerdos de confidencialidad.<\/li>\n<\/ul>\t\t\t\t\t\t\t\t<\/div>\n\t\t\t\t<\/div>\n\t\t\t\t<div class=\"elementor-element elementor-element-413423c elementor-widget elementor-widget-heading\" data-id=\"413423c\" data-element_type=\"widget\" data-widget_type=\"heading.default\">\n\t\t\t\t<div class=\"elementor-widget-container\">\n\t\t\t\t\t<h2 class=\"elementor-heading-title elementor-size-default\">7. Transferencia de Datos Internacionales<\/h2>\t\t\t\t<\/div>\n\t\t\t\t<\/div>\n\t\t\t\t<div class=\"elementor-element elementor-element-50d9c20 elementor-widget elementor-widget-text-editor\" data-id=\"50d9c20\" data-element_type=\"widget\" data-widget_type=\"text-editor.default\">\n\t\t\t\t<div class=\"elementor-widget-container\">\n\t\t\t\t\t\t\t\t\t<p>En caso de que compartamos datos con terceros fuera de la UE, garantizaremos que se implementen medidas adecuadas para proteger los datos personales, conforme a las disposiciones del GDPR.<\/p>\t\t\t\t\t\t\t\t<\/div>\n\t\t\t\t<\/div>\n\t\t\t\t<div class=\"elementor-element elementor-element-ef5332a elementor-widget elementor-widget-heading\" data-id=\"ef5332a\" data-element_type=\"widget\" data-widget_type=\"heading.default\">\n\t\t\t\t<div class=\"elementor-widget-container\">\n\t\t\t\t\t<h2 class=\"elementor-heading-title elementor-size-default\">8. Derechos de los Usuarios<\/h2>\t\t\t\t<\/div>\n\t\t\t\t<\/div>\n\t\t\t\t<div class=\"elementor-element elementor-element-b91d3ab elementor-widget elementor-widget-text-editor\" data-id=\"b91d3ab\" data-element_type=\"widget\" data-widget_type=\"text-editor.default\">\n\t\t\t\t<div class=\"elementor-widget-container\">\n\t\t\t\t\t\t\t\t\t<p>Los usuarios tienen los siguientes derechos en relaci\u00f3n con sus datos personales:<\/p>\n<ul>\n<li>Derecho de acceso: Solicitar acceso a los datos personales que poseemos.<\/li>\n<li>Derecho de rectificaci\u00f3n: Solicitar la correcci\u00f3n de datos incorrectos o incompletos.<\/li>\n<li>Derecho de supresi\u00f3n: Solicitar la eliminaci\u00f3n de sus datos personales.<\/li>\n<li>Derecho a la portabilidad de datos: Solicitar la transferencia de sus datos a otro responsable.<\/li>\n<li>Derecho de oposici\u00f3n: Oponerse al tratamiento de sus datos en ciertas circunstancias.<\/li>\n<\/ul>\n<p>Para ejercer estos derechos, los usuarios deben ponerse en contacto con nosotros mediante los datos de contacto proporcionados anteriormente.<\/p>\t\t\t\t\t\t\t\t<\/div>\n\t\t\t\t<\/div>\n\t\t\t\t<div class=\"elementor-element elementor-element-46c5c30 elementor-widget elementor-widget-heading\" data-id=\"46c5c30\" data-element_type=\"widget\" data-widget_type=\"heading.default\">\n\t\t\t\t<div class=\"elementor-widget-container\">\n\t\t\t\t\t<h2 class=\"elementor-heading-title elementor-size-default\">9. Seguridad de los Datos<\/h2>\t\t\t\t<\/div>\n\t\t\t\t<\/div>\n\t\t\t\t<div class=\"elementor-element elementor-element-5cdeade elementor-widget elementor-widget-text-editor\" data-id=\"5cdeade\" data-element_type=\"widget\" data-widget_type=\"text-editor.default\">\n\t\t\t\t<div class=\"elementor-widget-container\">\n\t\t\t\t\t\t\t\t\t<p>Implementamos medidas t\u00e9cnicas y organizativas adecuadas para proteger sus datos personales frente al tratamiento no autorizado o il\u00edcito y contra la p\u00e9rdida, destrucci\u00f3n o da\u00f1o accidental de los datos.<\/p>\t\t\t\t\t\t\t\t<\/div>\n\t\t\t\t<\/div>\n\t\t\t\t<div class=\"elementor-element elementor-element-f5432c3 elementor-widget elementor-widget-heading\" data-id=\"f5432c3\" data-element_type=\"widget\" data-widget_type=\"heading.default\">\n\t\t\t\t<div class=\"elementor-widget-container\">\n\t\t\t\t\t<h2 class=\"elementor-heading-title elementor-size-default\">10. Cambios en esta Pol\u00edtica de Privacidad<\/h2>\t\t\t\t<\/div>\n\t\t\t\t<\/div>\n\t\t\t\t<div class=\"elementor-element elementor-element-e895548 elementor-widget elementor-widget-text-editor\" data-id=\"e895548\" data-element_type=\"widget\" data-widget_type=\"text-editor.default\">\n\t\t\t\t<div class=\"elementor-widget-container\">\n\t\t\t\t\t\t\t\t\t<p>Nos reservamos el derecho a modificar esta Pol\u00edtica de Privacidad en cualquier momento. Cualquier cambio se publicar\u00e1 en esta p\u00e1gina con una nueva fecha de entrada en vigor. Se recomienda revisar la pol\u00edtica peri\u00f3dicamente.<\/p>\t\t\t\t\t\t\t\t<\/div>\n\t\t\t\t<\/div>\n\t\t\t\t<div class=\"elementor-element elementor-element-8b5de52 elementor-widget elementor-widget-heading\" data-id=\"8b5de52\" data-element_type=\"widget\" data-widget_type=\"heading.default\">\n\t\t\t\t<div class=\"elementor-widget-container\">\n\t\t\t\t\t<h2 class=\"elementor-heading-title elementor-size-default\">11. Contacto<\/h2>\t\t\t\t<\/div>\n\t\t\t\t<\/div>\n\t\t\t\t<div class=\"elementor-element elementor-element-457c744 elementor-widget elementor-widget-text-editor\" data-id=\"457c744\" data-element_type=\"widget\" data-widget_type=\"text-editor.default\">\n\t\t\t\t<div class=\"elementor-widget-container\">\n\t\t\t\t\t\t\t\t\t<p>Si tiene alguna pregunta o inquietud sobre esta Pol\u00edtica de Privacidad, no dude en ponerse en contacto con nosotros a trav\u00e9s de la siguiente informaci\u00f3n:<\/p>\n<ul>\n<li>Correo electr\u00f3nico:\u00a0<a href=\"mailto:sportgroom@esteticaanimal.com\" target=\"_new\">sportgroom@esteticaanimal.com<\/a><\/li>\n<li>Direcci\u00f3n: Ermita 29, Castell\u00f3 de Rugat, Valencia, CP 46841<\/li>\n<\/ul>\t\t\t\t\t\t\t\t<\/div>\n\t\t\t\t<\/div>\n\t\t\t\t\t<\/div>\n\t\t\t\t<\/div>\n\t\t\t\t<\/div>\n\t\t","protected":false},"excerpt":{"rendered":"<p>\u00abPol\u00edtica de Privacidad para el Sistema de Puntuaci\u00f3n &#8216;Point Now&#8217;\u00bb 1. Introducci\u00f3n Fecha de entrada en vigor: 1 de enero de 2025 La presente Pol\u00edtica de Privacidad describe c\u00f3mo \u00abPoint [&hellip;]<\/p>\n","protected":false},"author":1,"featured_media":0,"parent":0,"menu_order":0,"comment_status":"closed","ping_status":"open","template":"","meta":{"site-sidebar-layout":"default","site-content-layout":"","ast-site-content-layout":"","site-content-style":"default","site-sidebar-style":"default","ast-global-header-display":"","ast-banner-title-visibility":"","ast-main-header-display":"","ast-hfb-above-header-display":"","ast-hfb-below-header-display":"","ast-hfb-mobile-header-display":"","site-post-title":"","ast-breadcrumbs-content":"","ast-featured-img":"","footer-sml-layout":"","theme-transparent-header-meta":"","adv-header-id-meta":"","stick-header-meta":"","header-above-stick-meta":"","header-main-stick-meta":"","header-below-stick-meta":"","astra-migrate-meta-layouts":"default","ast-page-background-enabled":"default","ast-page-background-meta":{"desktop":{"background-color":"var(--ast-global-color-4)","background-image":"","background-repeat":"repeat","background-position":"center center","background-size":"auto","background-attachment":"scroll","background-type":"","background-media":"","overlay-type":"","overlay-color":"","overlay-opacity":"","overlay-gradient":""},"tablet":{"background-color":"","background-image":"","background-repeat":"repeat","background-position":"center center","background-size":"auto","background-attachment":"scroll","background-type":"","background-media":"","overlay-type":"","overlay-color":"","overlay-opacity":"","overlay-gradient":""},"mobile":{"background-color":"","background-image":"","background-repeat":"repeat","background-position":"center center","background-size":"auto","background-attachment":"scroll","background-type":"","background-media":"","overlay-type":"","overlay-color":"","overlay-opacity":"","overlay-gradient":""}},"ast-content-background-meta":{"desktop":{"background-color":"var(--ast-global-color-5)","background-image":"","background-repeat":"repeat","background-position":"center center","background-size":"auto","background-attachment":"scroll","background-type":"","background-media":"","overlay-type":"","overlay-color":"","overlay-opacity":"","overlay-gradient":""},"tablet":{"background-color":"var(--ast-global-color-5)","background-image":"","background-repeat":"repeat","background-position":"center center","background-size":"auto","background-attachment":"scroll","background-type":"","background-media":"","overlay-type":"","overlay-color":"","overlay-opacity":"","overlay-gradient":""},"mobile":{"background-color":"var(--ast-global-color-5)","background-image":"","background-repeat":"repeat","background-position":"center center","background-size":"auto","background-attachment":"scroll","background-type":"","background-media":"","overlay-type":"","overlay-color":"","overlay-opacity":"","overlay-gradient":""}},"footnotes":""},"class_list":["post-3","page","type-page","status-publish","hentry"],"_links":{"self":[{"href":"https:\/\/sportgroom.esteticaanimal.com\/index.php\/wp-json\/wp\/v2\/pages\/3","targetHints":{"allow":["GET"]}}],"collection":[{"href":"https:\/\/sportgroom.esteticaanimal.com\/index.php\/wp-json\/wp\/v2\/pages"}],"about":[{"href":"https:\/\/sportgroom.esteticaanimal.com\/index.php\/wp-json\/wp\/v2\/types\/page"}],"author":[{"embeddable":true,"href":"https:\/\/sportgroom.esteticaanimal.com\/index.php\/wp-json\/wp\/v2\/users\/1"}],"replies":[{"embeddable":true,"href":"https:\/\/sportgroom.esteticaanimal.com\/index.php\/wp-json\/wp\/v2\/comments?post=3"}],"version-history":[{"count":4,"href":"https:\/\/sportgroom.esteticaanimal.com\/index.php\/wp-json\/wp\/v2\/pages\/3\/revisions"}],"predecessor-version":[{"id":2402,"href":"https:\/\/sportgroom.esteticaanimal.com\/index.php\/wp-json\/wp\/v2\/pages\/3\/revisions\/2402"}],"wp:attachment":[{"href":"https:\/\/sportgroom.esteticaanimal.com\/index.php\/wp-json\/wp\/v2\/media?parent=3"}],"curies":[{"name":"wp","href":"https:\/\/api.w.org\/{rel}","templated":true}]}}