{"id":2403,"date":"2024-12-26T22:07:11","date_gmt":"2024-12-26T22:07:11","guid":{"rendered":"https:\/\/sportgroom.esteticaanimal.com\/?page_id=2403"},"modified":"2024-12-26T22:17:39","modified_gmt":"2024-12-26T22:17:39","slug":"condiciones-y-terminos-de-uso-del-sistema-de-puntuacion-point-now","status":"publish","type":"page","link":"https:\/\/sportgroom.esteticaanimal.com\/index.php\/condiciones-y-terminos-de-uso-del-sistema-de-puntuacion-point-now\/","title":{"rendered":"Condiciones y T\u00e9rminos de Uso del Sistema de Puntuaci\u00f3n \u00abPoint Now\u00bb"},"content":{"rendered":"\t\t<div data-elementor-type=\"wp-page\" data-elementor-id=\"2403\" class=\"elementor elementor-2403\" data-elementor-post-type=\"page\">\n\t\t\t\t<div class=\"elementor-element elementor-element-6417115 e-flex e-con-boxed e-con e-parent\" data-id=\"6417115\" data-element_type=\"container\">\n\t\t\t\t\t<div class=\"e-con-inner\">\n\t\t\t\t<div class=\"elementor-element elementor-element-a84e126 elementor-widget elementor-widget-heading\" data-id=\"a84e126\" data-element_type=\"widget\" data-widget_type=\"heading.default\">\n\t\t\t\t<div class=\"elementor-widget-container\">\n\t\t\t\t\t<h1 class=\"elementor-heading-title elementor-size-default\">Condiciones y T\u00e9rminos de Uso del Sistema de Puntuaci\u00f3n \"Point Now\"<\/h1>\t\t\t\t<\/div>\n\t\t\t\t<\/div>\n\t\t\t\t<div class=\"elementor-element elementor-element-564c397 elementor-widget elementor-widget-heading\" data-id=\"564c397\" data-element_type=\"widget\" data-widget_type=\"heading.default\">\n\t\t\t\t<div class=\"elementor-widget-container\">\n\t\t\t\t\t<h2 class=\"elementor-heading-title elementor-size-default\">1. Introducci\u00f3n<\/h2>\t\t\t\t<\/div>\n\t\t\t\t<\/div>\n\t\t\t\t<div class=\"elementor-element elementor-element-60fd775 elementor-widget elementor-widget-text-editor\" data-id=\"60fd775\" data-element_type=\"widget\" data-widget_type=\"text-editor.default\">\n\t\t\t\t<div class=\"elementor-widget-container\">\n\t\t\t\t\t\t\t\t\t<p><strong>\u00a0<\/strong>El sistema \u00abPoint Now\u00bb es una plataforma dise\u00f1ada para optimizar el recuento de puntos y acelerar el proceso de resultados en competiciones de peluquer\u00eda canina. Al inscribirse en una competencia que utiliza este sistema, los competidores aceptan cumplir con estas condiciones y t\u00e9rminos de uso.<\/p>\t\t\t\t\t\t\t\t<\/div>\n\t\t\t\t<\/div>\n\t\t\t\t<div class=\"elementor-element elementor-element-77ccd15 elementor-widget elementor-widget-heading\" data-id=\"77ccd15\" data-element_type=\"widget\" data-widget_type=\"heading.default\">\n\t\t\t\t<div class=\"elementor-widget-container\">\n\t\t\t\t\t<h2 class=\"elementor-heading-title elementor-size-default\">2. Registro y Acceso:<\/h2>\t\t\t\t<\/div>\n\t\t\t\t<\/div>\n\t\t\t\t<div class=\"elementor-element elementor-element-86aae34 elementor-widget elementor-widget-text-editor\" data-id=\"86aae34\" data-element_type=\"widget\" data-widget_type=\"text-editor.default\">\n\t\t\t\t<div class=\"elementor-widget-container\">\n\t\t\t\t\t\t\t\t\t<ul><li>Cada competidor deber\u00e1 registrarse en la plataforma creando un usuario y una contrase\u00f1a.<\/li><li>Luego de crear su cuenta, el competidor debe solicitar la inscripci\u00f3n en las categor\u00edas en las que desea participar. Dicha inscripci\u00f3n es realizada exclusivamente por la administraci\u00f3n.<\/li><li>Las inscripciones se cerrar\u00e1n una semana antes de la fecha de la competencia.<\/li><li>Este acceso permitir\u00e1 a los competidores ver sus calificaciones y las categor\u00edas en las que est\u00e1n inscritos.<\/li><li>El usuario es responsable de loguearse de manera segura y de resguardar su contrase\u00f1a. Cualquier actividad realizada bajo su cuenta ser\u00e1 de su exclusiva responsabilidad.<\/li><\/ul>\t\t\t\t\t\t\t\t<\/div>\n\t\t\t\t<\/div>\n\t\t\t\t<div class=\"elementor-element elementor-element-69b4bb3 elementor-widget elementor-widget-heading\" data-id=\"69b4bb3\" data-element_type=\"widget\" data-widget_type=\"heading.default\">\n\t\t\t\t<div class=\"elementor-widget-container\">\n\t\t\t\t\t<h2 class=\"elementor-heading-title elementor-size-default\">3. Funcionalidad del Sistema:<\/h2>\t\t\t\t<\/div>\n\t\t\t\t<\/div>\n\t\t\t\t<div class=\"elementor-element elementor-element-fd11282 elementor-widget elementor-widget-text-editor\" data-id=\"fd11282\" data-element_type=\"widget\" data-widget_type=\"text-editor.default\">\n\t\t\t\t<div class=\"elementor-widget-container\">\n\t\t\t\t\t\t\t\t\t<ul><li>Durante la competencia, cada competidor debe subir una foto del perro en su estado original (\u00abantes\u00bb) durante el tiempo de prejuicio.<\/li><li>Los jueces asignados puntuar\u00e1n de manera presencial la preparaci\u00f3n del ejemplar, y esta puntuaci\u00f3n representar\u00e1 el 30% del total de la nota.<\/li><li>Tras la finalizaci\u00f3n del arreglo del ejemplar, el competidor deber\u00e1 subir una foto del resultado final (\u00abdespu\u00e9s\u00bb).<\/li><li>Posteriormente, el juez revisar\u00e1 el trabajo en mesa y otorgar\u00e1 una puntuaci\u00f3n definitiva, que tendr\u00e1 un peso del 70% del total de la nota.<\/li><\/ul>\t\t\t\t\t\t\t\t<\/div>\n\t\t\t\t<\/div>\n\t\t\t\t<div class=\"elementor-element elementor-element-9429540 elementor-widget elementor-widget-heading\" data-id=\"9429540\" data-element_type=\"widget\" data-widget_type=\"heading.default\">\n\t\t\t\t<div class=\"elementor-widget-container\">\n\t\t\t\t\t<h2 class=\"elementor-heading-title elementor-size-default\">4. Proceso de Evaluaci\u00f3n:<\/h2>\t\t\t\t<\/div>\n\t\t\t\t<\/div>\n\t\t\t\t<div class=\"elementor-element elementor-element-b9d30fa elementor-widget elementor-widget-text-editor\" data-id=\"b9d30fa\" data-element_type=\"widget\" data-widget_type=\"text-editor.default\">\n\t\t\t\t<div class=\"elementor-widget-container\">\n\t\t\t\t\t\t\t\t\t<ul><li>Tres jueces realizar\u00e1n el juzgamiento de cada ejemplar presentado.<\/li><li>Al finalizar, se premiar\u00e1n los tres mejores trabajos en un orden de clasificaci\u00f3n de mayor a menor<\/li><\/ul>\t\t\t\t\t\t\t\t<\/div>\n\t\t\t\t<\/div>\n\t\t\t\t<div class=\"elementor-element elementor-element-3feefa2 elementor-widget elementor-widget-heading\" data-id=\"3feefa2\" data-element_type=\"widget\" data-widget_type=\"heading.default\">\n\t\t\t\t<div class=\"elementor-widget-container\">\n\t\t\t\t\t<h2 class=\"elementor-heading-title elementor-size-default\">5. Planillas de Puntuaci\u00f3n:<\/h2>\t\t\t\t<\/div>\n\t\t\t\t<\/div>\n\t\t\t\t<div class=\"elementor-element elementor-element-c0d7bc8 elementor-widget elementor-widget-text-editor\" data-id=\"c0d7bc8\" data-element_type=\"widget\" data-widget_type=\"text-editor.default\">\n\t\t\t\t<div class=\"elementor-widget-container\">\n\t\t\t\t\t\t\t\t\t<ul><li>El sistema \u00abPoint Now\u00bb utiliza las planillas de puntuaci\u00f3n otorgadas por la organizaci\u00f3n de la competencia.<\/li><li>No se hace responsable de la confecci\u00f3n de dichas planillas, ya que cada organizaci\u00f3n tiene la libertad de utilizar su propia planilla de puntuaci\u00f3n personalizada.<\/li><\/ul>\t\t\t\t\t\t\t\t<\/div>\n\t\t\t\t<\/div>\n\t\t\t\t<div class=\"elementor-element elementor-element-b893728 elementor-widget elementor-widget-heading\" data-id=\"b893728\" data-element_type=\"widget\" data-widget_type=\"heading.default\">\n\t\t\t\t<div class=\"elementor-widget-container\">\n\t\t\t\t\t<h2 class=\"elementor-heading-title elementor-size-default\">6. Acceso a la Puntuaci\u00f3n:<\/h2>\t\t\t\t<\/div>\n\t\t\t\t<\/div>\n\t\t\t\t<div class=\"elementor-element elementor-element-45f1de7 elementor-widget elementor-widget-text-editor\" data-id=\"45f1de7\" data-element_type=\"widget\" data-widget_type=\"text-editor.default\">\n\t\t\t\t<div class=\"elementor-widget-container\">\n\t\t\t\t\t\t\t\t\t<ul><li>Los competidores tendr\u00e1n acceso a sus puntuaciones y al reporte final al concluir toda la competencia.<\/li><li>No tendr\u00e1n acceso a las puntuaciones parciales durante el tiempo que dure la competencia.<\/li><\/ul>\t\t\t\t\t\t\t\t<\/div>\n\t\t\t\t<\/div>\n\t\t\t\t<div class=\"elementor-element elementor-element-4a681b6 elementor-widget elementor-widget-heading\" data-id=\"4a681b6\" data-element_type=\"widget\" data-widget_type=\"heading.default\">\n\t\t\t\t<div class=\"elementor-widget-container\">\n\t\t\t\t\t<h2 class=\"elementor-heading-title elementor-size-default\">7. Aceptaci\u00f3n de T\u00e9rminos:<\/h2>\t\t\t\t<\/div>\n\t\t\t\t<\/div>\n\t\t\t\t<div class=\"elementor-element elementor-element-1bab562 elementor-widget elementor-widget-text-editor\" data-id=\"1bab562\" data-element_type=\"widget\" data-widget_type=\"text-editor.default\">\n\t\t\t\t<div class=\"elementor-widget-container\">\n\t\t\t\t\t\t\t\t\t<p>Al inscribirse en la competencia y utilizar el sistema \u00abPoint Now\u00bb, los competidores aceptan y se comprometen a seguir estas condiciones de uso.<\/p>\t\t\t\t\t\t\t\t<\/div>\n\t\t\t\t<\/div>\n\t\t\t\t<div class=\"elementor-element elementor-element-c84b1df elementor-widget elementor-widget-heading\" data-id=\"c84b1df\" data-element_type=\"widget\" data-widget_type=\"heading.default\">\n\t\t\t\t<div class=\"elementor-widget-container\">\n\t\t\t\t\t<h2 class=\"elementor-heading-title elementor-size-default\">8. Confidencialidad y Seguridad:<\/h2>\t\t\t\t<\/div>\n\t\t\t\t<\/div>\n\t\t\t\t<div class=\"elementor-element elementor-element-8da40ad elementor-widget elementor-widget-text-editor\" data-id=\"8da40ad\" data-element_type=\"widget\" data-widget_type=\"text-editor.default\">\n\t\t\t\t<div class=\"elementor-widget-container\">\n\t\t\t\t\t\t\t\t\t<ul><li>Se resguardar\u00e1 la informaci\u00f3n proporcionada por los competidores y se implementar\u00e1n medidas para garantizar la seguridad de los datos.<\/li><\/ul>\t\t\t\t\t\t\t\t<\/div>\n\t\t\t\t<\/div>\n\t\t\t\t<div class=\"elementor-element elementor-element-31d7334 elementor-widget elementor-widget-heading\" data-id=\"31d7334\" data-element_type=\"widget\" data-widget_type=\"heading.default\">\n\t\t\t\t<div class=\"elementor-widget-container\">\n\t\t\t\t\t<h2 class=\"elementor-heading-title elementor-size-default\">9. Modificaciones:<\/h2>\t\t\t\t<\/div>\n\t\t\t\t<\/div>\n\t\t\t\t<div class=\"elementor-element elementor-element-fdb66b8 elementor-widget elementor-widget-text-editor\" data-id=\"fdb66b8\" data-element_type=\"widget\" data-widget_type=\"text-editor.default\">\n\t\t\t\t<div class=\"elementor-widget-container\">\n\t\t\t\t\t\t\t\t\t<p>\u00abPoint Now\u00bb se reserva el derecho a modificar estas condiciones y t\u00e9rminos de uso en cualquier momento. Cualquier cambio ser\u00e1 notificado a los usuarios debidamente.<\/p>\t\t\t\t\t\t\t\t<\/div>\n\t\t\t\t<\/div>\n\t\t\t\t<div class=\"elementor-element elementor-element-6672895 elementor-widget elementor-widget-heading\" data-id=\"6672895\" data-element_type=\"widget\" data-widget_type=\"heading.default\">\n\t\t\t\t<div class=\"elementor-widget-container\">\n\t\t\t\t\t<h2 class=\"elementor-heading-title elementor-size-default\">10. Responsabilidad:<\/h2>\t\t\t\t<\/div>\n\t\t\t\t<\/div>\n\t\t\t\t<div class=\"elementor-element elementor-element-285ec16 elementor-widget elementor-widget-text-editor\" data-id=\"285ec16\" data-element_type=\"widget\" data-widget_type=\"text-editor.default\">\n\t\t\t\t<div class=\"elementor-widget-container\">\n\t\t\t\t\t\t\t\t\t<ul><li>El sistema \u00abPoint Now\u00bb no se hace responsable por errores en la carga de informaci\u00f3n o inconvenientes t\u00e9cnicos que puedan surgir durante las competencias.<\/li><li>Asimismo, no se hace responsable por el uso no autorizado de las cuentas de los usuarios debido a la falta de resguardo de sus contrase\u00f1as.<\/li><\/ul>\t\t\t\t\t\t\t\t<\/div>\n\t\t\t\t<\/div>\n\t\t\t\t<div class=\"elementor-element elementor-element-c21a251 elementor-widget elementor-widget-text-editor\" data-id=\"c21a251\" data-element_type=\"widget\" data-widget_type=\"text-editor.default\">\n\t\t\t\t<div class=\"elementor-widget-container\">\n\t\t\t\t\t\t\t\t\t<p><strong>Al aceptar estos t\u00e9rminos, los competidores se comprometen a participar en las competencias de acuerdo a las reglas establecidas y a respetar la integridad del proceso de evaluaci\u00f3n.<\/strong><\/p>\t\t\t\t\t\t\t\t<\/div>\n\t\t\t\t<\/div>\n\t\t\t\t\t<\/div>\n\t\t\t\t<\/div>\n\t\t\t\t<\/div>\n\t\t","protected":false},"excerpt":{"rendered":"<p>Condiciones y T\u00e9rminos de Uso del Sistema de Puntuaci\u00f3n \u00abPoint Now\u00bb 1. Introducci\u00f3n \u00a0El sistema \u00abPoint Now\u00bb es una plataforma dise\u00f1ada para optimizar el recuento de puntos y acelerar el [&hellip;]<\/p>\n","protected":false},"author":1,"featured_media":0,"parent":0,"menu_order":0,"comment_status":"closed","ping_status":"closed","template":"","meta":{"site-sidebar-layout":"no-sidebar","site-content-layout":"","ast-site-content-layout":"full-width-container","site-content-style":"default","site-sidebar-style":"default","ast-global-header-display":"","ast-banner-title-visibility":"","ast-main-header-display":"","ast-hfb-above-header-display":"","ast-hfb-below-header-display":"","ast-hfb-mobile-header-display":"","site-post-title":"disabled","ast-breadcrumbs-content":"","ast-featured-img":"disabled","footer-sml-layout":"","theme-transparent-header-meta":"","adv-header-id-meta":"","stick-header-meta":"","header-above-stick-meta":"","header-main-stick-meta":"","header-below-stick-meta":"","astra-migrate-meta-layouts":"default","ast-page-background-enabled":"default","ast-page-background-meta":{"desktop":{"background-color":"var(--ast-global-color-4)","background-image":"","background-repeat":"repeat","background-position":"center center","background-size":"auto","background-attachment":"scroll","background-type":"","background-media":"","overlay-type":"","overlay-color":"","overlay-opacity":"","overlay-gradient":""},"tablet":{"background-color":"","background-image":"","background-repeat":"repeat","background-position":"center center","background-size":"auto","background-attachment":"scroll","background-type":"","background-media":"","overlay-type":"","overlay-color":"","overlay-opacity":"","overlay-gradient":""},"mobile":{"background-color":"","background-image":"","background-repeat":"repeat","background-position":"center center","background-size":"auto","background-attachment":"scroll","background-type":"","background-media":"","overlay-type":"","overlay-color":"","overlay-opacity":"","overlay-gradient":""}},"ast-content-background-meta":{"desktop":{"background-color":"var(--ast-global-color-5)","background-image":"","background-repeat":"repeat","background-position":"center center","background-size":"auto","background-attachment":"scroll","background-type":"","background-media":"","overlay-type":"","overlay-color":"","overlay-opacity":"","overlay-gradient":""},"tablet":{"background-color":"var(--ast-global-color-5)","background-image":"","background-repeat":"repeat","background-position":"center center","background-size":"auto","background-attachment":"scroll","background-type":"","background-media":"","overlay-type":"","overlay-color":"","overlay-opacity":"","overlay-gradient":""},"mobile":{"background-color":"var(--ast-global-color-5)","background-image":"","background-repeat":"repeat","background-position":"center center","background-size":"auto","background-attachment":"scroll","background-type":"","background-media":"","overlay-type":"","overlay-color":"","overlay-opacity":"","overlay-gradient":""}},"footnotes":""},"class_list":["post-2403","page","type-page","status-publish","hentry"],"_links":{"self":[{"href":"https:\/\/sportgroom.esteticaanimal.com\/index.php\/wp-json\/wp\/v2\/pages\/2403","targetHints":{"allow":["GET"]}}],"collection":[{"href":"https:\/\/sportgroom.esteticaanimal.com\/index.php\/wp-json\/wp\/v2\/pages"}],"about":[{"href":"https:\/\/sportgroom.esteticaanimal.com\/index.php\/wp-json\/wp\/v2\/types\/page"}],"author":[{"embeddable":true,"href":"https:\/\/sportgroom.esteticaanimal.com\/index.php\/wp-json\/wp\/v2\/users\/1"}],"replies":[{"embeddable":true,"href":"https:\/\/sportgroom.esteticaanimal.com\/index.php\/wp-json\/wp\/v2\/comments?post=2403"}],"version-history":[{"count":7,"href":"https:\/\/sportgroom.esteticaanimal.com\/index.php\/wp-json\/wp\/v2\/pages\/2403\/revisions"}],"predecessor-version":[{"id":2410,"href":"https:\/\/sportgroom.esteticaanimal.com\/index.php\/wp-json\/wp\/v2\/pages\/2403\/revisions\/2410"}],"wp:attachment":[{"href":"https:\/\/sportgroom.esteticaanimal.com\/index.php\/wp-json\/wp\/v2\/media?parent=2403"}],"curies":[{"name":"wp","href":"https:\/\/api.w.org\/{rel}","templated":true}]}}