{"id":1329,"date":"2024-01-28T09:44:06","date_gmt":"2024-01-28T09:44:06","guid":{"rendered":"https:\/\/sportgroom.esteticaanimal.com\/?page_id=1329"},"modified":"2024-01-30T08:49:09","modified_gmt":"2024-01-30T08:49:09","slug":"blog","status":"publish","type":"page","link":"https:\/\/sportgroom.esteticaanimal.com\/index.php\/blog\/","title":{"rendered":"Blog"},"content":{"rendered":"\t\t<div data-elementor-type=\"wp-page\" data-elementor-id=\"1329\" class=\"elementor elementor-1329\" data-elementor-post-type=\"page\">\n\t\t\t\t<div class=\"elementor-element elementor-element-c608503 e-flex e-con-boxed e-con e-parent\" data-id=\"c608503\" data-element_type=\"container\" data-settings=\"{&quot;background_background&quot;:&quot;classic&quot;}\">\n\t\t\t\t\t<div class=\"e-con-inner\">\n\t\t\t\t<div class=\"elementor-element elementor-element-02356d3 elementor-widget elementor-widget-image\" data-id=\"02356d3\" data-element_type=\"widget\" data-widget_type=\"image.default\">\n\t\t\t\t<div class=\"elementor-widget-container\">\n\t\t\t\t\t\t\t\t\t\t\t\t\t\t\t<img fetchpriority=\"high\" decoding=\"async\" width=\"1536\" height=\"607\" src=\"https:\/\/sportgroom.esteticaanimal.com\/wp-content\/uploads\/2024\/01\/titulo-blog-3-1536x607.jpg\" class=\"attachment-1536x1536 size-1536x1536 wp-image-1399\" alt=\"\" srcset=\"https:\/\/sportgroom.esteticaanimal.com\/wp-content\/uploads\/2024\/01\/titulo-blog-3-1536x607.jpg 1536w, https:\/\/sportgroom.esteticaanimal.com\/wp-content\/uploads\/2024\/01\/titulo-blog-3-300x119.jpg 300w, https:\/\/sportgroom.esteticaanimal.com\/wp-content\/uploads\/2024\/01\/titulo-blog-3-1024x405.jpg 1024w, https:\/\/sportgroom.esteticaanimal.com\/wp-content\/uploads\/2024\/01\/titulo-blog-3-768x303.jpg 768w, https:\/\/sportgroom.esteticaanimal.com\/wp-content\/uploads\/2024\/01\/titulo-blog-3-2048x809.jpg 2048w\" sizes=\"(max-width: 1536px) 100vw, 1536px\" \/>\t\t\t\t\t\t\t\t\t\t\t\t\t\t\t<\/div>\n\t\t\t\t<\/div>\n\t\t\t\t<div class=\"elementor-element elementor-element-12452cc elementor-widget elementor-widget-blogmentor_blog_posts\" data-id=\"12452cc\" data-element_type=\"widget\" data-widget_type=\"blogmentor_blog_posts.default\">\n\t\t\t\t<div class=\"elementor-widget-container\">\n\t\t\t\t\t\t\t\n\t\t\t\t\t<div class=\"upl-main\">\n\t\t<div class=\"upl-container\">\n\t\t\t\t\t\t\t<div class=\"upl-left-section bm_content_box\">\n\t\t\t\t\t\t\t\t<div class=\"bm-post-image clearfix bm-hover-effect bm-hover-effect-blur\">\n\t\t\t\t\t<div class=\"upl-image\" style=\"background-image: url('https:\/\/sportgroom.esteticaanimal.com\/wp-content\/uploads\/2024\/09\/442492619_10160367781824580_4284010608628524773_n.jpg')\"><\/div>\n\t\t\t\t<\/div>\n\t\t\t\t<div class=\"upl-author\"><img decoding=\"async\" src=\"https:\/\/sportgroom.esteticaanimal.com\/wp-content\/litespeed\/avatar\/b1c9a0527e227729349993784a9b47f9.jpg?ver=1776057152\"><\/div>\n\t\t\t\t<div class=\"upl-title bm_title\"><a href=\"https:\/\/sportgroom.esteticaanimal.com\/index.php\/2024\/10\/02\/groomania-2024\/\" rel=\"bookmark\">Groomania 2024\/ por Lidia L\u00f3pez<\/a><\/div>\t\t\t\t\t<div class=\"upl-excerpt bm_content\"> Un fin de semana de emociones en el Mundial de Peluquer\u00eda Canina en B\u00e9lgica - Groomania 2024 Este fin de semana ha sido una monta\u00f1a rusa de emociones. He tenido&hellip; <\/div>\n\t\t\t\t\t\t\t<\/div>\n\t\t\t\n\t\t\t\t\t\t<div class=\"upl-right-section\">\n\t\t\t\t<div class=\"upl-top bm_content_box\">\n\t\t\t\t\t<div class=\"bm-post-image clearfix bm-hover-effect bm-hover-effect-blur\">\n\t\t\t\t\t\t<div class=\"upl-image\" style=\"background-image: url('https:\/\/sportgroom.esteticaanimal.com\/wp-content\/uploads\/2024\/01\/blogsportgroom-acuerdo.jpg')\"><\/div>\n\t\t\t\t\t<\/div>\n\t\t\t\t\t<div class=\"upl-author\">\n\t\t\t\t\t\t<img decoding=\"async\" src=\"https:\/\/sportgroom.esteticaanimal.com\/wp-content\/litespeed\/avatar\/32baab121493ad13512beda54d1dd437.jpg?ver=1776057152\">\n\t\t\t\t\t<\/div>\n\t\t\t\t\t<div class=\"upl-title bm_title\"><a href=\"https:\/\/sportgroom.esteticaanimal.com\/index.php\/2024\/01\/30\/atencion-artero-anuncia-nuevas-fechas-del-slam-junto-a-la-real-canina-en-ciudad-real-disgustos-o-alegrias-con-estos-nuevos-reglamentos\/\" rel=\"bookmark\">\u00a1ATENCI\u00d3N! Artero anuncia nuevas fechas del Slam junto a la Real Canina en Ciudad Real:&hellip;<\/a><\/div>\t\t\t\t\t\t<div class=\"upl-excerpt bm_content\"> Artero Anuncia Fechas del Slam Artero junto a la Real Canina en&hellip; <\/div>\n\t\t\t\t\t\t\t\t\t<\/div>\n\t\t\t\t\t\t\t<div class=\"upl-bottom bm_content_box\">\n\t\t\t\t\t<div class=\"bm-post-image clearfix bm-hover-effect bm-hover-effect-blur\">\n\t\t\t\t\t\t<div class=\"upl-image\" style=\"background-image: url('https:\/\/sportgroom.esteticaanimal.com\/wp-content\/uploads\/2024\/01\/blogsportgroom-revuelo-1.jpg')\"><\/div>\n\t\t\t\t\t<\/div>\n\t\t\t\t\t<div class=\"upl-author\">\n\t\t\t\t\t\t<img decoding=\"async\" src=\"https:\/\/sportgroom.esteticaanimal.com\/wp-content\/litespeed\/avatar\/32baab121493ad13512beda54d1dd437.jpg?ver=1776057152\">\n\t\t\t\t\t<\/div>\n\t\t\t\t\t<div class=\"upl-title bm_title\"><a href=\"https:\/\/sportgroom.esteticaanimal.com\/index.php\/2024\/01\/28\/revuelo-en-el-mundo-de-la-competicion-canina-sport-groom-despierta-el-debate-para-una-transformacion-en-el-2024\/\" rel=\"bookmark\">\u00a1Revuelo en el Mundo de la Competici\u00f3n Canina! Sport Groom Despierta el Debate para una&hellip;<\/a><\/div>\t\t\t\t\t\t<div class=\"upl-excerpt bm_content\"> El a\u00f1o 2024 comienza con un vibrante cambio en el panorama de&hellip; <\/div>\n\t\t\t\t\t\t\t\t\t<\/div>\n\t\t\t\t\t\t<\/div>\n\t\t<\/div>\n\t<\/div>\n\n\t<div class=\"upl-second-section\">\n\t\t\t\t\t<div class=\"upl-second bm_content_box\">\n\t\t\t\t<div class=\"bm-post-image clearfix bm-hover-effect bm-hover-effect-blur\">\n\t\t\t\t\t<div class=\"upl-image\" style=\"background-image: url('https:\/\/sportgroom.esteticaanimal.com\/wp-content\/uploads\/2024\/01\/blogsportgroom-oporto-1.jpg')\"><\/div>\n\t\t\t\t<\/div>\n\t\t\t\t<div class=\"upl-author\">\n\t\t\t\t\t<img decoding=\"async\" src=\"https:\/\/sportgroom.esteticaanimal.com\/wp-content\/litespeed\/avatar\/32baab121493ad13512beda54d1dd437.jpg?ver=1776057152\">\n\t\t\t\t<\/div>\n\t\t\t\t<div class=\"upl-title bm_title\"><a href=\"https:\/\/sportgroom.esteticaanimal.com\/index.php\/2024\/01\/28\/oporto-dio-que-hablar\/\" rel=\"bookmark\">Competici\u00f3n de Peluquer\u00eda canina en Oporto dio que hablar<\/a><\/div>\t\t\t\t\t<div class=\"upl-excerpt bm_content\"> El pasado 21 y 22 de enero se celebr\u00f3 la competici\u00f3n en&hellip; <\/div>\n\t\t\t\t\t\t\t<\/div>\n\t\t\t<\/div>\n\t\t\t\t<\/div>\n\t\t\t\t<\/div>\n\t\t\t\t\t<\/div>\n\t\t\t\t<\/div>\n\t\t\t\t<\/div>\n\t\t","protected":false},"excerpt":{"rendered":"<p>\u00a1ATENCI\u00d3N! Artero anuncia nuevas fechas del Slam junto a la Real Canina&hellip; Artero Anuncia Fechas del Slam Artero junto a la Real Canina en Ciudad Real: \u00bfDisgustos o Alegr\u00edas con [&hellip;]<\/p>\n","protected":false},"author":1,"featured_media":0,"parent":0,"menu_order":0,"comment_status":"closed","ping_status":"closed","template":"","meta":{"site-sidebar-layout":"no-sidebar","site-content-layout":"","ast-site-content-layout":"full-width-container","site-content-style":"default","site-sidebar-style":"default","ast-global-header-display":"","ast-banner-title-visibility":"","ast-main-header-display":"","ast-hfb-above-header-display":"","ast-hfb-below-header-display":"","ast-hfb-mobile-header-display":"","site-post-title":"disabled","ast-breadcrumbs-content":"","ast-featured-img":"disabled","footer-sml-layout":"","theme-transparent-header-meta":"","adv-header-id-meta":"","stick-header-meta":"","header-above-stick-meta":"","header-main-stick-meta":"","header-below-stick-meta":"","astra-migrate-meta-layouts":"default","ast-page-background-enabled":"default","ast-page-background-meta":{"desktop":{"background-color":"var(--ast-global-color-4)","background-image":"","background-repeat":"repeat","background-position":"center center","background-size":"auto","background-attachment":"scroll","background-type":"","background-media":"","overlay-type":"","overlay-color":"","overlay-opacity":"","overlay-gradient":""},"tablet":{"background-color":"","background-image":"","background-repeat":"repeat","background-position":"center center","background-size":"auto","background-attachment":"scroll","background-type":"","background-media":"","overlay-type":"","overlay-color":"","overlay-opacity":"","overlay-gradient":""},"mobile":{"background-color":"","background-image":"","background-repeat":"repeat","background-position":"center center","background-size":"auto","background-attachment":"scroll","background-type":"","background-media":"","overlay-type":"","overlay-color":"","overlay-opacity":"","overlay-gradient":""}},"ast-content-background-meta":{"desktop":{"background-color":"var(--ast-global-color-5)","background-image":"","background-repeat":"repeat","background-position":"center center","background-size":"auto","background-attachment":"scroll","background-type":"","background-media":"","overlay-type":"","overlay-color":"","overlay-opacity":"","overlay-gradient":""},"tablet":{"background-color":"var(--ast-global-color-5)","background-image":"","background-repeat":"repeat","background-position":"center center","background-size":"auto","background-attachment":"scroll","background-type":"","background-media":"","overlay-type":"","overlay-color":"","overlay-opacity":"","overlay-gradient":""},"mobile":{"background-color":"var(--ast-global-color-5)","background-image":"","background-repeat":"repeat","background-position":"center center","background-size":"auto","background-attachment":"scroll","background-type":"","background-media":"","overlay-type":"","overlay-color":"","overlay-opacity":"","overlay-gradient":""}},"footnotes":""},"class_list":["post-1329","page","type-page","status-publish","hentry"],"_links":{"self":[{"href":"https:\/\/sportgroom.esteticaanimal.com\/index.php\/wp-json\/wp\/v2\/pages\/1329","targetHints":{"allow":["GET"]}}],"collection":[{"href":"https:\/\/sportgroom.esteticaanimal.com\/index.php\/wp-json\/wp\/v2\/pages"}],"about":[{"href":"https:\/\/sportgroom.esteticaanimal.com\/index.php\/wp-json\/wp\/v2\/types\/page"}],"author":[{"embeddable":true,"href":"https:\/\/sportgroom.esteticaanimal.com\/index.php\/wp-json\/wp\/v2\/users\/1"}],"replies":[{"embeddable":true,"href":"https:\/\/sportgroom.esteticaanimal.com\/index.php\/wp-json\/wp\/v2\/comments?post=1329"}],"version-history":[{"count":58,"href":"https:\/\/sportgroom.esteticaanimal.com\/index.php\/wp-json\/wp\/v2\/pages\/1329\/revisions"}],"predecessor-version":[{"id":1429,"href":"https:\/\/sportgroom.esteticaanimal.com\/index.php\/wp-json\/wp\/v2\/pages\/1329\/revisions\/1429"}],"wp:attachment":[{"href":"https:\/\/sportgroom.esteticaanimal.com\/index.php\/wp-json\/wp\/v2\/media?parent=1329"}],"curies":[{"name":"wp","href":"https:\/\/api.w.org\/{rel}","templated":true}]}}